{"id":44,"date":"2008-07-19T19:37:35","date_gmt":"2008-07-19T17:37:35","guid":{"rendered":"http:\/\/www.cheer-factory.com\/?page_id=44"},"modified":"2022-05-09T17:04:37","modified_gmt":"2022-05-09T15:04:37","slug":"cvd","status":"publish","type":"page","link":"https:\/\/www.cheer-factory.com\/?page_id=44","title":{"rendered":"Pokalbau"},"content":{"rendered":"<p><b>Hier abgebildete Pokale wurden speziell f\u00fcr Sportevent individuell angefertigt. Sportart und Kundenw\u00fcnsche sind die Grundlage f\u00fcr den bau ihre Pokales.<\/b><\/p>\n<p><span style=\"color: #ff0000;\"><strong><span style=\"color: #000000;\">Preis: auf Anfrage nach Kundengespr\u00e4ch<\/span><\/strong><\/span><\/p>\n<p><a href=\"https:\/\/www.cheer-factory.com\/wp-content\/Pokale-2010.jpg\"><img loading=\"lazy\" decoding=\"async\" class=\" wp-image-255 aligncenter\" src=\"https:\/\/www.cheer-factory.com\/wp-content\/Pokale-2010-300x225.jpg\" alt=\"\" width=\"437\" height=\"328\" srcset=\"https:\/\/www.cheer-factory.com\/wp-content\/Pokale-2010-300x225.jpg 300w, https:\/\/www.cheer-factory.com\/wp-content\/Pokale-2010.jpg 720w\" sizes=\"(max-width: 437px) 100vw, 437px\" \/><\/a><\/p>\n<p><a href=\"https:\/\/www.cheer-factory.com\/wp-content\/FlagDeutsche256.jpg\"><img loading=\"lazy\" decoding=\"async\" class=\"alignnone  wp-image-250\" src=\"https:\/\/www.cheer-factory.com\/wp-content\/FlagDeutsche256-220x300.jpg\" alt=\"\" width=\"185\" height=\"252\" srcset=\"https:\/\/www.cheer-factory.com\/wp-content\/FlagDeutsche256-220x300.jpg 220w, https:\/\/www.cheer-factory.com\/wp-content\/FlagDeutsche256.jpg 587w\" sizes=\"(max-width: 185px) 100vw, 185px\" \/>\u00a0 <\/a><a href=\"https:\/\/www.cheer-factory.com\/wp-content\/IMG_315.jpg\"><img loading=\"lazy\" decoding=\"async\" class=\"wp-image-252 alignright\" src=\"https:\/\/www.cheer-factory.com\/wp-content\/IMG_315-225x300.jpg\" alt=\"\" width=\"188\" height=\"251\" srcset=\"https:\/\/www.cheer-factory.com\/wp-content\/IMG_315-225x300.jpg 225w, https:\/\/www.cheer-factory.com\/wp-content\/IMG_315.jpg 768w\" sizes=\"(max-width: 188px) 100vw, 188px\" \/><\/a><\/p>\n<p><a href=\"https:\/\/www.cheer-factory.com\/wp-content\/IMG_0317.jpg\"><img loading=\"lazy\" decoding=\"async\" class=\"wp-image-251 aligncenter\" src=\"https:\/\/www.cheer-factory.com\/wp-content\/IMG_0317-300x225.jpg\" alt=\"\" width=\"465\" height=\"349\" srcset=\"https:\/\/www.cheer-factory.com\/wp-content\/IMG_0317-300x225.jpg 300w, https:\/\/www.cheer-factory.com\/wp-content\/IMG_0317.jpg 1024w\" sizes=\"(max-width: 465px) 100vw, 465px\" \/><\/a><\/p>\n","protected":false},"excerpt":{"rendered":"<p>Hier abgebildete Pokale wurden speziell f\u00fcr Sportevent individuell angefertigt. Sportart und Kundenw\u00fcnsche sind die Grundlage f\u00fcr den bau ihre Pokales. Preis: auf Anfrage nach Kundengespr\u00e4ch \u00a0<\/p>\n","protected":false},"author":1,"featured_media":0,"parent":0,"menu_order":0,"comment_status":"open","ping_status":"open","template":"","meta":{"jetpack_post_was_ever_published":false,"footnotes":""},"jetpack_shortlink":"https:\/\/wp.me\/PjQUa-I","jetpack_sharing_enabled":true,"_links":{"self":[{"href":"https:\/\/www.cheer-factory.com\/index.php?rest_route=\/wp\/v2\/pages\/44"}],"collection":[{"href":"https:\/\/www.cheer-factory.com\/index.php?rest_route=\/wp\/v2\/pages"}],"about":[{"href":"https:\/\/www.cheer-factory.com\/index.php?rest_route=\/wp\/v2\/types\/page"}],"author":[{"embeddable":true,"href":"https:\/\/www.cheer-factory.com\/index.php?rest_route=\/wp\/v2\/users\/1"}],"replies":[{"embeddable":true,"href":"https:\/\/www.cheer-factory.com\/index.php?rest_route=%2Fwp%2Fv2%2Fcomments&post=44"}],"version-history":[{"count":0,"href":"https:\/\/www.cheer-factory.com\/index.php?rest_route=\/wp\/v2\/pages\/44\/revisions"}],"wp:attachment":[{"href":"https:\/\/www.cheer-factory.com\/index.php?rest_route=%2Fwp%2Fv2%2Fmedia&parent=44"}],"curies":[{"name":"wp","href":"https:\/\/api.w.org\/{rel}","templated":true}]}}