{"id":39,"date":"2008-07-19T13:32:44","date_gmt":"2008-07-19T11:32:44","guid":{"rendered":"http:\/\/www.cheer-factory.com\/?page_id=39"},"modified":"2022-05-09T17:07:17","modified_gmt":"2022-05-09T15:07:17","slug":"decals-more","status":"publish","type":"page","link":"https:\/\/www.cheer-factory.com\/?page_id=39","title":{"rendered":"Medaillien &#038; more"},"content":{"rendered":"<p><strong># 60005 div. Medaillen<\/strong><\/p>\n<p><strong><a href=\"https:\/\/www.cheer-factory.com\/wp-content\/img_0131.jpg\"><img loading=\"lazy\" decoding=\"async\" class=\"alignnone size-medium wp-image-68\" title=\"img_0131\" src=\"https:\/\/www.cheer-factory.com\/wp-content\/img_0131-225x300.jpg\" alt=\"\" width=\"244\" height=\"283\" \/><\/a><\/strong><\/p>\n<p>Preise auf Anfrage <strong>ab 1,20\u20ac<\/strong> inkl. Grav.\/Druck, Logo, farbigem Band, auch kleinste Mengen ab ein St\u00fcck m\u00f6glich !!<\/p>\n<p><strong>\u00a0<\/strong><\/p>\n<p><strong># 60007\u00a0 der DAU-Orden<\/strong><\/p>\n<p>Bekennende PC-Muffel und wenig ambitionierte IT-User haben ihn sich redlich verdient \u2013 den neuen DAU-Orden. Er k\u00f6nnte der n\u00e4chste Weihnachtsgag in der Firma werden. Als Geschenk f\u00fcr elektronisch kaum bewanderte Kollegen oder als Zierde\u00a0am Revers humorvoller Chefs bringt er die Firma zum Schmunzeln. In der Administratoren-Terminologie ist der DAU ein bekannter Begriff. Angelehnt an den atomaren GAU steht er f\u00fcr Anwender, die nicht wirklich gut mit dem PC umgehen k\u00f6nnen (\u201eD\u00fcmmster Anzunehmender User\u201c) \u2013 was selbstverst\u00e4ndlich mit einem Augenzwinkern gesehen werden sollte.<br \/>\nDer DAU-Orden am Bande wird zusammen mit einer Interimsspange in edler Verpackung geliefert. Er \u00e4hnelt von der Aufmachung her dem Ehrenkreuz der Bundeswehr, das f\u00fcr beispielhafte Pflichterf\u00fcllung und Tapferkeit verliehen wird. Entsprechend stellt der DAU-Orden eine zeitgem\u00e4\u00dfe Auszeichnung f\u00fcr tapferes Bem\u00fchen in der Schlacht gegen den PC dar. Er kann auch als scherzhafte Aufforderung zu mehr Engagement im Umgang mit der modernen Technik gesehen werden.<br \/>\nDer DAU-Orden besteht aus einem blau-wei\u00df emailliertem Messingtr\u00e4ger und h\u00e4ngt an einem schwarz-rot-goldenen Band. Bei der dazu geh\u00f6rigen Interimsspange steht der Begriff \u201eDAU\u201c in einem auf dem Band befestigten Messingemblem. Idealerweise verleihen Administratoren bzw. IT-Verantwortliche den Orden.<\/p>\n<p><img loading=\"lazy\" decoding=\"async\" class=\"wp-image-188 alignleft\" title=\"dau_orden\" src=\"https:\/\/www.cheer-factory.com\/wp-content\/dau_orden-300x147.jpg\" alt=\"dau_orden\" width=\"649\" height=\"318\" srcset=\"https:\/\/www.cheer-factory.com\/wp-content\/dau_orden-300x147.jpg 300w, https:\/\/www.cheer-factory.com\/wp-content\/dau_orden.jpg 660w\" sizes=\"(max-width: 649px) 100vw, 649px\" \/><\/p>\n<h1 style=\"text-align: right;\"><strong>20,-\u20ac<\/strong><\/h1>\n<p><strong>\u00a0<\/strong><\/p>\n<p><strong>\u00a0<\/strong><\/p>\n<p><strong>\u00a0<\/strong><\/p>\n","protected":false},"excerpt":{"rendered":"<p># 60005 div. Medaillen Preise auf Anfrage ab 1,20\u20ac inkl. Grav.\/Druck, Logo, farbigem Band, auch kleinste Mengen ab ein St\u00fcck m\u00f6glich !! \u00a0 # 60007\u00a0 der DAU-Orden Bekennende PC-Muffel und wenig ambitionierte IT-User haben ihn sich redlich verdient \u2013 den neuen DAU-Orden. Er k\u00f6nnte der n\u00e4chste Weihnachtsgag in der Firma werden. Als Geschenk f\u00fcr elektronisch [&hellip;]<\/p>\n","protected":false},"author":1,"featured_media":0,"parent":0,"menu_order":0,"comment_status":"open","ping_status":"open","template":"","meta":{"jetpack_post_was_ever_published":false,"footnotes":""},"jetpack_shortlink":"https:\/\/wp.me\/PjQUa-D","jetpack_sharing_enabled":true,"_links":{"self":[{"href":"https:\/\/www.cheer-factory.com\/index.php?rest_route=\/wp\/v2\/pages\/39"}],"collection":[{"href":"https:\/\/www.cheer-factory.com\/index.php?rest_route=\/wp\/v2\/pages"}],"about":[{"href":"https:\/\/www.cheer-factory.com\/index.php?rest_route=\/wp\/v2\/types\/page"}],"author":[{"embeddable":true,"href":"https:\/\/www.cheer-factory.com\/index.php?rest_route=\/wp\/v2\/users\/1"}],"replies":[{"embeddable":true,"href":"https:\/\/www.cheer-factory.com\/index.php?rest_route=%2Fwp%2Fv2%2Fcomments&post=39"}],"version-history":[{"count":0,"href":"https:\/\/www.cheer-factory.com\/index.php?rest_route=\/wp\/v2\/pages\/39\/revisions"}],"wp:attachment":[{"href":"https:\/\/www.cheer-factory.com\/index.php?rest_route=%2Fwp%2Fv2%2Fmedia&parent=39"}],"curies":[{"name":"wp","href":"https:\/\/api.w.org\/{rel}","templated":true}]}}