{"id":23,"date":"2008-07-18T20:28:28","date_gmt":"2008-07-18T18:28:28","guid":{"rendered":"http:\/\/www.cheer-factory.com\/?page_id=23"},"modified":"2008-08-12T20:56:38","modified_gmt":"2008-08-12T18:56:38","slug":"vom-druck-zum-shirt","status":"publish","type":"page","link":"https:\/\/www.cheer-factory.com\/?page_id=23","title":{"rendered":"Vom Druck zum Shirt"},"content":{"rendered":"<p>In der Regel arbeiten wir im Plottverfahren und verarbeiten Flex-\u00a0und Flockfolien. Zun\u00e4chst wird das Motiv am Rechner entworfen, anschlie\u00dfend \u00fcber einen Schneideplotter geschnitten und schlie\u00dflich mittels Transferpresse auf die Textilie gebracht.<\/p>\n<p><a href=\"https:\/\/www.cheer-factory.com\/wp-content\/druck-1.jpg\"><img loading=\"lazy\" decoding=\"async\" class=\"alignnone size-medium wp-image-24\" title=\"druck-1\" src=\"https:\/\/www.cheer-factory.com\/wp-content\/druck-1-300x225.jpg\" alt=\"\" width=\"185\" height=\"123\" \/><\/a>\u00a0\u00a0 <a href=\"https:\/\/www.cheer-factory.com\/wp-content\/druck-2.jpg\"><img loading=\"lazy\" decoding=\"async\" class=\"alignnone size-medium wp-image-26\" title=\"druck-2\" src=\"https:\/\/www.cheer-factory.com\/wp-content\/druck-2-300x225.jpg\" alt=\"\" width=\"200\" height=\"120\" \/><\/a>\u00a0\u00a0<\/p>\n<p><a href=\"https:\/\/www.cheer-factory.com\/wp-content\/druck-3.jpg\"><img loading=\"lazy\" decoding=\"async\" class=\"alignnone size-medium wp-image-27\" title=\"druck-3\" src=\"https:\/\/www.cheer-factory.com\/wp-content\/druck-3-300x225.jpg\" alt=\"\" width=\"181\" height=\"152\" \/><\/a>\u00a0\u00a0 <a href=\"https:\/\/www.cheer-factory.com\/wp-content\/druck-4.jpg\"><img loading=\"lazy\" decoding=\"async\" class=\"alignnone size-medium wp-image-28\" title=\"druck-4\" src=\"https:\/\/www.cheer-factory.com\/wp-content\/druck-4-300x225.jpg\" alt=\"\" width=\"201\" height=\"152\" \/><\/a><a href=\"https:\/\/www.cheer-factory.com\/wp-content\/druck-5.jpg\"><\/a><\/p>\n","protected":false},"excerpt":{"rendered":"<p>In der Regel arbeiten wir im Plottverfahren und verarbeiten Flex-\u00a0und Flockfolien. Zun\u00e4chst wird das Motiv am Rechner entworfen, anschlie\u00dfend \u00fcber einen Schneideplotter geschnitten und schlie\u00dflich mittels Transferpresse auf die Textilie gebracht. \u00a0\u00a0 \u00a0\u00a0 \u00a0\u00a0<\/p>\n","protected":false},"author":1,"featured_media":0,"parent":0,"menu_order":0,"comment_status":"open","ping_status":"open","template":"","meta":{"jetpack_post_was_ever_published":false,"footnotes":""},"jetpack_shortlink":"https:\/\/wp.me\/PjQUa-n","jetpack_sharing_enabled":true,"_links":{"self":[{"href":"https:\/\/www.cheer-factory.com\/index.php?rest_route=\/wp\/v2\/pages\/23"}],"collection":[{"href":"https:\/\/www.cheer-factory.com\/index.php?rest_route=\/wp\/v2\/pages"}],"about":[{"href":"https:\/\/www.cheer-factory.com\/index.php?rest_route=\/wp\/v2\/types\/page"}],"author":[{"embeddable":true,"href":"https:\/\/www.cheer-factory.com\/index.php?rest_route=\/wp\/v2\/users\/1"}],"replies":[{"embeddable":true,"href":"https:\/\/www.cheer-factory.com\/index.php?rest_route=%2Fwp%2Fv2%2Fcomments&post=23"}],"version-history":[{"count":0,"href":"https:\/\/www.cheer-factory.com\/index.php?rest_route=\/wp\/v2\/pages\/23\/revisions"}],"wp:attachment":[{"href":"https:\/\/www.cheer-factory.com\/index.php?rest_route=%2Fwp%2Fv2%2Fmedia&parent=23"}],"curies":[{"name":"wp","href":"https:\/\/api.w.org\/{rel}","templated":true}]}}